{"id":8127,"date":"2023-05-24T16:34:51","date_gmt":"2023-05-24T08:34:51","guid":{"rendered":"http:\/\/members.1uptick.com\/?page_id=8127"},"modified":"2024-11-08T03:33:02","modified_gmt":"2024-11-07T19:33:02","slug":"fx-heat-map","status":"publish","type":"page","link":"https:\/\/members.1uptick.com\/vi\/fx-heat-map\/","title":{"rendered":"FX Heat Map"},"content":{"rendered":"<div data-elementor-type=\"wp-page\" data-elementor-id=\"8127\" class=\"elementor elementor-8127\">\n\t\t\t\t\t\t<section class=\"elementor-section elementor-top-section elementor-element elementor-element-e4b08f4 elementor-section-full_width elementor-section-stretched elementor-section-height-default elementor-section-height-default\" data-id=\"e4b08f4\" data-element_type=\"section\" data-settings=\"{&quot;stretch_section&quot;:&quot;section-stretched&quot;,&quot;background_background&quot;:&quot;classic&quot;}\">\n\t\t\t\t\t\t<div class=\"elementor-container elementor-column-gap-default\">\n\t\t\t\t\t<div class=\"elementor-column elementor-col-100 elementor-top-column elementor-element elementor-element-0f9a0cc\" data-id=\"0f9a0cc\" data-element_type=\"column\">\n\t\t\t<div class=\"elementor-widget-wrap elementor-element-populated\">\n\t\t\t\t\t\t<div class=\"elementor-element elementor-element-2fbe6d8 elementor-widget elementor-widget-wp-widget-ipw\" data-id=\"2fbe6d8\" data-element_type=\"widget\" data-widget_type=\"wp-widget-ipw.default\">\n\t\t\t\t<div class=\"elementor-widget-container\">\n\t\t\t\t\t<div data-post-id=\"11939\" class=\"insert-page insert-page-11939\">\t\t<div data-elementor-type=\"wp-page\" data-elementor-id=\"11939\" class=\"elementor elementor-11939\">\n\t\t\t\t<div class=\"elementor-element elementor-element-5490ce7 e-con-full e-flex e-con e-parent\" data-id=\"5490ce7\" data-element_type=\"container\" data-settings=\"{&quot;background_background&quot;:&quot;classic&quot;}\">\n\t\t<div class=\"elementor-element elementor-element-a7b0936 e-con-full e-flex e-con e-child\" data-id=\"a7b0936\" data-element_type=\"container\">\n\t\t<div class=\"elementor-element elementor-element-799b9b7 e-con-full e-flex e-con e-child\" data-id=\"799b9b7\" data-element_type=\"container\">\n\t\t\t\t<\/div>\n\t\t<div class=\"elementor-element elementor-element-75ac99c e-con-full e-flex e-con e-child\" data-id=\"75ac99c\" data-element_type=\"container\">\n\t\t<div class=\"elementor-element elementor-element-c06ce72 e-con-full e-flex e-con e-child\" data-id=\"c06ce72\" data-element_type=\"container\" data-settings=\"{&quot;background_background&quot;:&quot;gradient&quot;}\">\n\t\t<div class=\"elementor-element elementor-element-f7eaf42 e-con-full e-flex e-con e-child\" data-id=\"f7eaf42\" data-element_type=\"container\">\n\t\t\t\t<div class=\"elementor-element elementor-element-d0b195e elementor-widget elementor-widget-heading\" data-id=\"d0b195e\" data-element_type=\"widget\" data-widget_type=\"heading.default\">\n\t\t\t\t<div class=\"elementor-widget-container\">\n\t\t\t\t\t<h6 class=\"elementor-heading-title elementor-size-default\">\u0110\u0103ng k\u00fd K\u00eanh FX V.1.3.1<\/h6>\t\t\t\t<\/div>\n\t\t\t\t<\/div>\n\t\t\t\t<\/div>\n\t\t<div class=\"elementor-element elementor-element-5328fb4 e-con-full e-flex e-con e-child\" data-id=\"5328fb4\" data-element_type=\"container\">\n\t\t\t\t<div class=\"elementor-element elementor-element-c99ef2a elementor-widget elementor-widget-button\" data-id=\"c99ef2a\" data-element_type=\"widget\" data-widget_type=\"button.default\">\n\t\t\t\t<div class=\"elementor-widget-container\">\n\t\t\t\t\t\t\t\t\t<div class=\"elementor-button-wrapper\">\n\t\t\t\t\t<a class=\"elementor-button elementor-button-link elementor-size-sm\" href=\"http:\/\/members.1uptick.com\/vi\/subscription\/\">\n\t\t\t\t\t\t<span class=\"elementor-button-content-wrapper\">\n\t\t\t\t\t\t\t\t\t<span class=\"elementor-button-text\">D\u00f9ng th\u1eed mi\u1ec5n ph\u00ed 7 ng\u00e0y<\/span>\n\t\t\t\t\t<\/span>\n\t\t\t\t\t<\/a>\n\t\t\t\t<\/div>\n\t\t\t\t\t\t\t\t<\/div>\n\t\t\t\t<\/div>\n\t\t\t\t<\/div>\n\t\t\t\t<\/div>\n\t\t<div class=\"elementor-element elementor-element-e7ca21b e-con-full e-flex e-con e-child\" data-id=\"e7ca21b\" data-element_type=\"container\" data-settings=\"{&quot;background_background&quot;:&quot;classic&quot;}\">\n\t\t<div class=\"elementor-element elementor-element-669efad e-con-full e-flex e-con e-child\" data-id=\"669efad\" data-element_type=\"container\">\n\t\t\t\t<div class=\"elementor-element elementor-element-4c3ebc3 elementor-align-justify elementor-widget elementor-widget-button\" data-id=\"4c3ebc3\" data-element_type=\"widget\" data-widget_type=\"button.default\">\n\t\t\t\t<div class=\"elementor-widget-container\">\n\t\t\t\t\t\t\t\t\t<div class=\"elementor-button-wrapper\">\n\t\t\t\t\t<a class=\"elementor-button elementor-button-link elementor-size-xs\" href=\"http:\/\/members.1uptick.com\/vi\/trading-room-gold-1-3-1\/\">\n\t\t\t\t\t\t<span class=\"elementor-button-content-wrapper\">\n\t\t\t\t\t\t\t\t\t<span class=\"elementor-button-text\">Ph\u00f2ng giao d\u1ecbch v\u00e0ng<\/span>\n\t\t\t\t\t<\/span>\n\t\t\t\t\t<\/a>\n\t\t\t\t<\/div>\n\t\t\t\t\t\t\t\t<\/div>\n\t\t\t\t<\/div>\n\t\t\t\t<\/div>\n\t\t<div class=\"elementor-element elementor-element-8a6eedb e-con-full e-flex e-con e-child\" data-id=\"8a6eedb\" data-element_type=\"container\">\n\t\t\t\t<div class=\"elementor-element elementor-element-4c1f35b elementor-align-justify elementor-widget elementor-widget-button\" data-id=\"4c1f35b\" data-element_type=\"widget\" data-widget_type=\"button.default\">\n\t\t\t\t<div class=\"elementor-widget-container\">\n\t\t\t\t\t\t\t\t\t<div class=\"elementor-button-wrapper\">\n\t\t\t\t\t<a class=\"elementor-button elementor-button-link elementor-size-xs\" href=\"http:\/\/members.1uptick.com\/vi\/trading-room\/\">\n\t\t\t\t\t\t<span class=\"elementor-button-content-wrapper\">\n\t\t\t\t\t\t\t\t\t<span class=\"elementor-button-text\">Ph\u00f2ng giao d\u1ecbch FX<\/span>\n\t\t\t\t\t<\/span>\n\t\t\t\t\t<\/a>\n\t\t\t\t<\/div>\n\t\t\t\t\t\t\t\t<\/div>\n\t\t\t\t<\/div>\n\t\t\t\t<\/div>\n\t\t<div class=\"elementor-element elementor-element-092f5d3 e-con-full e-flex e-con e-child\" data-id=\"092f5d3\" data-element_type=\"container\">\n\t\t\t\t<div class=\"elementor-element elementor-element-ba96c36 elementor-widget elementor-widget-spacer\" data-id=\"ba96c36\" data-element_type=\"widget\" data-widget_type=\"spacer.default\">\n\t\t\t\t<div class=\"elementor-widget-container\">\n\t\t\t\t\t\t\t<div class=\"elementor-spacer\">\n\t\t\t<div class=\"elementor-spacer-inner\"><\/div>\n\t\t<\/div>\n\t\t\t\t\t\t<\/div>\n\t\t\t\t<\/div>\n\t\t\t\t<\/div>\n\t\t<div class=\"elementor-element elementor-element-6581b02 e-con-full e-flex e-con e-child\" data-id=\"6581b02\" data-element_type=\"container\">\n\t\t\t\t<div class=\"elementor-element elementor-element-93e56a7 elementor-widget elementor-widget-spacer\" data-id=\"93e56a7\" data-element_type=\"widget\" data-widget_type=\"spacer.default\">\n\t\t\t\t<div class=\"elementor-widget-container\">\n\t\t\t\t\t\t\t<div class=\"elementor-spacer\">\n\t\t\t<div class=\"elementor-spacer-inner\"><\/div>\n\t\t<\/div>\n\t\t\t\t\t\t<\/div>\n\t\t\t\t<\/div>\n\t\t\t\t<\/div>\n\t\t<div class=\"elementor-element elementor-element-87a2730 e-con-full e-flex e-con e-child\" data-id=\"87a2730\" data-element_type=\"container\">\n\t\t\t\t<div class=\"elementor-element elementor-element-c370c7f elementor-widget elementor-widget-spacer\" data-id=\"c370c7f\" data-element_type=\"widget\" data-widget_type=\"spacer.default\">\n\t\t\t\t<div class=\"elementor-widget-container\">\n\t\t\t\t\t\t\t<div class=\"elementor-spacer\">\n\t\t\t<div class=\"elementor-spacer-inner\"><\/div>\n\t\t<\/div>\n\t\t\t\t\t\t<\/div>\n\t\t\t\t<\/div>\n\t\t\t\t<\/div>\n\t\t<div class=\"elementor-element elementor-element-e24ce6b e-con-full e-flex e-con e-child\" data-id=\"e24ce6b\" data-element_type=\"container\">\n\t\t\t\t<div class=\"elementor-element elementor-element-bbf87e6 elementor-widget__width-initial elementor-widget elementor-widget-elementskit-popup-modal\" data-id=\"bbf87e6\" data-element_type=\"widget\" data-widget_type=\"elementskit-popup-modal.default\">\n\t\t\t\t<div class=\"elementor-widget-container\">\n\t\t\t\t\t<div class=\"ekit-wid-con\" >        <!-- Start Markup -->\n                            <div class='ekit-popup-modal__toggler-wrapper'>\n                    <!-- Button trigger modal -->\n                    <button \n                        type=\"button\" \n                        class=\"elementskit-btn ekit-popup-btn ekit-popup-btn__filled ekit-popup__toggler ekit-popup-modal-toggler whitespace--normal\" \n                        data-toggle=\"modal\" \n                        data-target=\"#ekit-popup-modal\"\n                        id=\"ekit-popup-modal-toggler\"\n                    >\n                        M\u00e1y t\u00ednh k\u00fd qu\u1ef9                    <\/button>\n                <\/div>\n            \n            <!-- Modal -->\n            <div \n                class=\"ekit-popup-modal ekit-popup-modal__inside middle center\" \n                data-toggleafter=\"0\"\n                data-toggletype=\"button\"\n                data-cookieconsent=\"\"\n            >\n                                <div\n                    class=\"ekit-popup-modal__content ekit-popup__content animated animated-normal\" \n                    style=\"\"\n                    data-animation=\"fade-in-up\"\n                >\n                                            <div class=\"ekit-popup-modal__close popup-top-right\">\n                            <i aria-hidden=\"true\" class=\"icon icon-cross\"><\/i>                        <\/div>\n                    \n                    <!-- Start Header -->\n                                            <div class=\"ekit-popup-modal__header ekit-popup__header\">\n                            <h4 class=\"ekit-popup-modal__title ekit-popup__title\">\n                                M\u00e1y t\u00ednh k\u00fd qu\u1ef9                            <\/h4>\n                                                        <p class=\"ekit-popup-modal__subtitle ekit-popup__subtitle\">\n                                T\u00ednh s\u1ed1 ti\u1ec1n k\u00fd qu\u1ef9 t\u1ed1i thi\u1ec3u c\u1ea7n thi\u1ebft cho m\u1ed7i l\u00f4                            <\/p>\n                                                    <\/div>\n                                        <!-- End Header -->\n\n                    <!-- Start Body -->\n                    <div class=\"ekit-popup-modal__body ekit-popup__body\">\n                        \t\t\t\t\t\t\t<div class=\"ekit-popup__raw-content\">\n\t\t\t\t\t\t\t\t<iframe loading=\"lazy\" src=\"https:\/\/ssltools.investing.com\/margin-calculator\/index.php?force_lang=1&amp;acc=12&amp;pair=1\" width=\"430\" height=\"425\" frameborder=\"0\" marginwidth=\"0\" marginheight=\"0\" scrolling=\"no\"><\/iframe>\n<div style=\"width: 430;\"><span style=\"float: left;\"><span style=\"font-size: 11px; color: #333333; text-decoration: none;\">The Margin Calculator is powered by Investing.com<\/span><\/span><\/div>\t\t\t\t\t\t\t<\/div>\n\t\t\t\t\t\t                    <\/div>\n                    <!-- Emd Body -->\n\n                    <!-- Start Footer -->\n                                            <div class=\"ekit-popup-modal__footer ekit-popup-footer ekit-popup-modal__footer-with-divider\">\n                            <div \n                                class='ekit-popup-modal__actions'\n                                style=\"\">\n                                                                                            <\/div>\n                        <\/div>\n                                        <!-- End Footer -->\n                <\/div>\n                                    <div class=\"ekit-popup-modal__overlay ekit-popup__close\"><\/div>\n                            <\/div>\n        <!-- End Markup -->\n    <\/div>\t\t\t\t<\/div>\n\t\t\t\t<\/div>\n\t\t\t\t<\/div>\n\t\t<div class=\"elementor-element elementor-element-730168c e-con-full e-flex e-con e-child\" data-id=\"730168c\" data-element_type=\"container\">\n\t\t\t\t<div class=\"elementor-element elementor-element-699e7bd elementor-align-justify elementor-widget elementor-widget-button\" data-id=\"699e7bd\" data-element_type=\"widget\" data-widget_type=\"button.default\">\n\t\t\t\t<div class=\"elementor-widget-container\">\n\t\t\t\t\t\t\t\t\t<div class=\"elementor-button-wrapper\">\n\t\t\t\t\t<a class=\"elementor-button elementor-button-link elementor-size-xs\" href=\"http:\/\/members.1uptick.com\/vi\/chart\/\">\n\t\t\t\t\t\t<span class=\"elementor-button-content-wrapper\">\n\t\t\t\t\t\t\t\t\t<span class=\"elementor-button-text\">Bi\u1ec3u \u0111\u1ed3 tr\u1ef1c ti\u1ebfp<\/span>\n\t\t\t\t\t<\/span>\n\t\t\t\t\t<\/a>\n\t\t\t\t<\/div>\n\t\t\t\t\t\t\t\t<\/div>\n\t\t\t\t<\/div>\n\t\t\t\t<\/div>\n\t\t<div class=\"elementor-element elementor-element-5b11ec0 e-con-full e-flex e-con e-child\" data-id=\"5b11ec0\" data-element_type=\"container\">\n\t\t\t\t<div class=\"elementor-element elementor-element-feba9ca elementor-align-justify elementor-widget elementor-widget-button\" data-id=\"feba9ca\" data-element_type=\"widget\" data-widget_type=\"button.default\">\n\t\t\t\t<div class=\"elementor-widget-container\">\n\t\t\t\t\t\t\t\t\t<div class=\"elementor-button-wrapper\">\n\t\t\t\t\t<a class=\"elementor-button elementor-button-link elementor-size-xs\" href=\"http:\/\/members.1uptick.com\/vi\/economic-calendar\/\">\n\t\t\t\t\t\t<span class=\"elementor-button-content-wrapper\">\n\t\t\t\t\t\t\t\t\t<span class=\"elementor-button-text\">L\u1ecbch<\/span>\n\t\t\t\t\t<\/span>\n\t\t\t\t\t<\/a>\n\t\t\t\t<\/div>\n\t\t\t\t\t\t\t\t<\/div>\n\t\t\t\t<\/div>\n\t\t\t\t<\/div>\n\t\t<div class=\"elementor-element elementor-element-e5367dd e-con-full e-flex e-con e-child\" data-id=\"e5367dd\" data-element_type=\"container\">\n\t\t\t\t<\/div>\n\t\t\t\t<\/div>\n\t\t\t\t<\/div>\n\t\t\t\t<\/div>\n\t\t\t\t<\/div>\n\t\t\t\t<\/div>\n\t\t<\/div>\t\t\t\t<\/div>\n\t\t\t\t<\/div>\n\t\t\t\t\t<\/div>\n\t\t<\/div>\n\t\t\t\t\t<\/div>\n\t\t<\/section>\n\t\t\t\t<section class=\"elementor-section elementor-top-section elementor-element elementor-element-819f215 elementor-section-boxed elementor-section-height-default elementor-section-height-default\" data-id=\"819f215\" data-element_type=\"section\">\n\t\t\t\t\t\t<div class=\"elementor-container elementor-column-gap-default\">\n\t\t\t\t\t<div class=\"elementor-column elementor-col-100 elementor-top-column elementor-element elementor-element-0be290a\" data-id=\"0be290a\" data-element_type=\"column\">\n\t\t\t<div class=\"elementor-widget-wrap elementor-element-populated\">\n\t\t\t\t\t\t<div class=\"elementor-element elementor-element-682cc90 elementor-widget elementor-widget-text-editor\" data-id=\"682cc90\" data-element_type=\"widget\" data-widget_type=\"text-editor.default\">\n\t\t\t\t<div class=\"elementor-widget-container\">\n\t\t\t\t\t\t\t\t\t<!-- TradingView Widget BEGIN -->\n<div class=\"tradingview-widget-container\">\n<div class=\"tradingview-widget-container__widget\"><\/div>\n<div class=\"tradingview-widget-copyright\"><a href=\"https:\/\/www.tradingview.com\/\" target=\"_blank\" rel=\"noopener nofollow\"><span style=\"color: #7de313;\">Powered by Tradingview<\/span><\/a><\/div>\n<script type=\"text\/javascript\" src=\"https:\/\/s3.tradingview.com\/external-embedding\/embed-widget-forex-heat-map.js\" async>\n  {\n  \"width\": \"100%\",\n  \"height\": 820,\n  \"currencies\": [\n    \"EUR\",\n    \"USD\",\n    \"JPY\",\n    \"GBP\",\n    \"CHF\",\n    \"AUD\",\n    \"CAD\",\n    \"NZD\",\n    \"CNY\",\n    \"TRY\",\n    \"HKD\",\n    \"SGD\",\n    \"THB\",\n    \"IDR\",\n    \"MYR\"\n  ],\n  \"isTransparent\": false,\n  \"colorTheme\": \"light\",\n  \"locale\": \"en\",\n  \"largeChartUrl\": \"http:\/\/members.1uptick.com\/tools\/chart\/\"\n}\n  <\/script>\n\n<\/div>\n<!-- TradingView Widget END -->\t\t\t\t\t\t\t\t<\/div>\n\t\t\t\t<\/div>\n\t\t\t\t\t<\/div>\n\t\t<\/div>\n\t\t\t\t\t<\/div>\n\t\t<\/section>\n\t\t\t\t<\/div>","protected":false},"excerpt":{"rendered":"<p>Powered by Tradingview<\/p>","protected":false},"author":1,"featured_media":0,"parent":0,"menu_order":0,"comment_status":"closed","ping_status":"closed","template":"","meta":{"footnotes":""},"class_list":["post-8127","page","type-page","status-publish","hentry"],"_links":{"self":[{"href":"https:\/\/members.1uptick.com\/vi\/wp-json\/wp\/v2\/pages\/8127","targetHints":{"allow":["GET"]}}],"collection":[{"href":"https:\/\/members.1uptick.com\/vi\/wp-json\/wp\/v2\/pages"}],"about":[{"href":"https:\/\/members.1uptick.com\/vi\/wp-json\/wp\/v2\/types\/page"}],"author":[{"embeddable":true,"href":"https:\/\/members.1uptick.com\/vi\/wp-json\/wp\/v2\/users\/1"}],"replies":[{"embeddable":true,"href":"https:\/\/members.1uptick.com\/vi\/wp-json\/wp\/v2\/comments?post=8127"}],"version-history":[{"count":3,"href":"https:\/\/members.1uptick.com\/vi\/wp-json\/wp\/v2\/pages\/8127\/revisions"}],"predecessor-version":[{"id":12003,"href":"https:\/\/members.1uptick.com\/vi\/wp-json\/wp\/v2\/pages\/8127\/revisions\/12003"}],"wp:attachment":[{"href":"https:\/\/members.1uptick.com\/vi\/wp-json\/wp\/v2\/media?parent=8127"}],"curies":[{"name":"wp","href":"https:\/\/api.w.org\/{rel}","templated":true}]}}