{"id":4290,"date":"2022-12-06T11:11:19","date_gmt":"2022-12-06T11:11:19","guid":{"rendered":"https:\/\/1uptick.com\/?page_id=4290"},"modified":"2025-06-17T19:39:53","modified_gmt":"2025-06-17T11:39:53","slug":"subscription","status":"publish","type":"page","link":"https:\/\/members.1uptick.com\/vi\/subscription\/","title":{"rendered":"Subscription"},"content":{"rendered":"<div data-elementor-type=\"wp-page\" data-elementor-id=\"4290\" class=\"elementor elementor-4290\">\n\t\t\t\t\t\t<section class=\"elementor-section elementor-top-section elementor-element elementor-element-399612a elementor-section-boxed elementor-section-height-default elementor-section-height-default\" data-id=\"399612a\" data-element_type=\"section\" data-settings=\"{&quot;background_background&quot;:&quot;classic&quot;}\">\n\t\t\t\t\t\t<div class=\"elementor-container elementor-column-gap-default\">\n\t\t\t\t\t<div class=\"elementor-column elementor-col-100 elementor-top-column elementor-element elementor-element-3248211\" data-id=\"3248211\" data-element_type=\"column\" data-settings=\"{&quot;background_background&quot;:&quot;classic&quot;}\">\n\t\t\t<div class=\"elementor-widget-wrap elementor-element-populated\">\n\t\t\t\t\t\t<section class=\"elementor-section elementor-inner-section elementor-element elementor-element-1a1a38e elementor-section-full_width elementor-section-height-min-height elementor-section-height-default\" data-id=\"1a1a38e\" data-element_type=\"section\">\n\t\t\t\t\t\t<div class=\"elementor-container elementor-column-gap-default\">\n\t\t\t\t\t<div class=\"elementor-column elementor-col-100 elementor-inner-column elementor-element elementor-element-85bda2b\" data-id=\"85bda2b\" data-element_type=\"column\" data-settings=\"{&quot;background_background&quot;:&quot;classic&quot;}\">\n\t\t\t<div class=\"elementor-widget-wrap elementor-element-populated\">\n\t\t\t\t\t<div class=\"elementor-background-overlay\"><\/div>\n\t\t\t\t\t\t<div class=\"elementor-element elementor-element-6912cba elementor-widget elementor-widget-elementskit-heading\" data-id=\"6912cba\" data-element_type=\"widget\" data-widget_type=\"elementskit-heading.default\">\n\t\t\t\t<div class=\"elementor-widget-container\">\n\t\t\t\t\t<div class=\"ekit-wid-con\" ><div class=\"ekit-heading elementskit-section-title-wraper text_center   ekit_heading_tablet-   ekit_heading_mobile-\"><h3 class=\"ekit-heading--title elementskit-section-title\">Kh\u00f4ng c\u1ea7n kinh nghi\u1ec7m l\u1eadp tr\u00ecnh, d\u1ec5 d\u00e0ng n\u1eafm b\u1eaft \u0111i\u1ec1u ki\u1ec7n th\u1ecb tr\u01b0\u1eddng to\u00e0n c\u1ea7u<\/h3><div class=\"ekit_heading_separetor_wraper ekit_heading_elementskit-border-divider ekit-dotted\"><div class=\"elementskit-border-divider ekit-dotted\"><\/div><\/div><h5 class=\"ekit-heading--subtitle elementskit-section-subtitle\">\n\t\t\t\t\t\tB\u1eaft \u0111\u1ea7u ch\u1ec9 t\u1eeb 3,9 USD\/ng\u00e0y\n\t\t\t\t\t<\/h5><\/div><\/div>\t\t\t\t<\/div>\n\t\t\t\t<\/div>\n\t\t\t\t\t<\/div>\n\t\t<\/div>\n\t\t\t\t\t<\/div>\n\t\t<\/section>\n\t\t\t\t<div class=\"elementor-element elementor-element-9418c69 elementor-widget elementor-widget-heading\" data-id=\"9418c69\" data-element_type=\"widget\" data-widget_type=\"heading.default\">\n\t\t\t\t<div class=\"elementor-widget-container\">\n\t\t\t\t\t<h3 class=\"elementor-heading-title elementor-size-default\">\u0110\u0103ng k\u00fd  PRO Channel V.1.3.1<\/h3>\t\t\t\t<\/div>\n\t\t\t\t<\/div>\n\t\t\t\t<section class=\"elementor-section elementor-inner-section elementor-element elementor-element-6863ee7 elementor-section-boxed elementor-section-height-default elementor-section-height-default\" data-id=\"6863ee7\" data-element_type=\"section\">\n\t\t\t\t\t\t<div class=\"elementor-container elementor-column-gap-default\">\n\t\t\t\t\t<div class=\"elementor-column elementor-col-50 elementor-inner-column elementor-element elementor-element-b4f40d5\" data-id=\"b4f40d5\" data-element_type=\"column\">\n\t\t\t<div class=\"elementor-widget-wrap elementor-element-populated\">\n\t\t\t\t\t\t<div class=\"elementor-element elementor-element-6f1bb30 elementor-widget elementor-widget-image\" data-id=\"6f1bb30\" data-element_type=\"widget\" data-settings=\"{&quot;_animation&quot;:&quot;none&quot;}\" data-widget_type=\"image.default\">\n\t\t\t\t<div class=\"elementor-widget-container\">\n\t\t\t\t\t\t\t\t\t\t\t\t\t\t\t<img loading=\"lazy\" decoding=\"async\" width=\"1024\" height=\"458\" src=\"https:\/\/members.1uptick.com\/wp-content\/uploads\/2024\/03\/fx-trading-room-1024x458.png\" class=\"attachment-large size-large wp-image-10383\" alt=\"\" srcset=\"https:\/\/members.1uptick.com\/wp-content\/uploads\/2024\/03\/fx-trading-room-1024x458.png 1024w, https:\/\/members.1uptick.com\/wp-content\/uploads\/2024\/03\/fx-trading-room-300x134.png 300w, https:\/\/members.1uptick.com\/wp-content\/uploads\/2024\/03\/fx-trading-room-768x343.png 768w, https:\/\/members.1uptick.com\/wp-content\/uploads\/2024\/03\/fx-trading-room-1536x687.png 1536w, https:\/\/members.1uptick.com\/wp-content\/uploads\/2024\/03\/fx-trading-room-18x8.png 18w, https:\/\/members.1uptick.com\/wp-content\/uploads\/2024\/03\/fx-trading-room.png 1890w\" sizes=\"auto, (max-width: 1024px) 100vw, 1024px\" \/>\t\t\t\t\t\t\t\t\t\t\t\t\t\t\t<\/div>\n\t\t\t\t<\/div>\n\t\t\t\t<div class=\"elementor-element elementor-element-14ed35d ekit-equal-height-disable elementor-widget elementor-widget-elementskit-icon-box\" data-id=\"14ed35d\" data-element_type=\"widget\" data-widget_type=\"elementskit-icon-box.default\">\n\t\t\t\t<div class=\"elementor-widget-container\">\n\t\t\t\t\t<div class=\"ekit-wid-con\" >        <!-- link opening -->\n                <!-- end link opening -->\n\n        <div class=\"elementskit-infobox text-left text-left icon-lef-right-aligin elementor-animation- media\">\n                    <div class=\"elementskit-box-header elementor-animation-\">\n                <div class=\"elementskit-info-box-icon  text-center\">\n                    <i aria-hidden=\"true\" class=\"elementkit-infobox-icon fas fa-comment-dollar\"><\/i>\n                <\/div>\n          <\/div>\n                        <div class=\"box-body\">\n                            <h6 class=\"elementskit-info-box-title\">\n                    Trung b\u00ecnh 1-3 chi\u1ebfn l\u01b0\u1ee3c giao d\u1ecbch m\u1ed7i ng\u00e0y                <\/h6>\n                        \t\t  \t<p>Gi\u00e1 tham chi\u1ebfu r\u00f5 r\u00e0ng cho vi\u1ec7c gia nh\u1eadp v\u00e0 \u0111\u00f3ng c\u1eeda th\u1ecb tr\u01b0\u1eddng.<\/p>\n                                <\/div>\n        \n        \n                <\/div>\n        <\/div>\t\t\t\t<\/div>\n\t\t\t\t<\/div>\n\t\t\t\t<div class=\"elementor-element elementor-element-c985e16 ekit-equal-height-disable elementor-widget elementor-widget-elementskit-icon-box\" data-id=\"c985e16\" data-element_type=\"widget\" data-widget_type=\"elementskit-icon-box.default\">\n\t\t\t\t<div class=\"elementor-widget-container\">\n\t\t\t\t\t<div class=\"ekit-wid-con\" >        <!-- link opening -->\n                <!-- end link opening -->\n\n        <div class=\"elementskit-infobox text-left text-left icon-lef-right-aligin elementor-animation- media\">\n                    <div class=\"elementskit-box-header elementor-animation-\">\n                <div class=\"elementskit-info-box-icon  text-center\">\n                    <i aria-hidden=\"true\" class=\"elementkit-infobox-icon fas fa-laptop-code\"><\/i>\n                <\/div>\n          <\/div>\n                        <div class=\"box-body\">\n                            <h6 class=\"elementskit-info-box-title\">\n                    V\u00e0o ph\u00f2ng giao d\u1ecbch c\u1ee7a 1uptick                <\/h6>\n                        \t\t  \t<p>Nh\u1eadn d\u1eef li\u1ec7u th\u1ecb tr\u01b0\u1eddng v\u00e0 t\u00edn hi\u1ec7u giao d\u1ecbch m\u1edbi nh\u1ea5t.<\/p>\n                                <\/div>\n        \n        \n                <\/div>\n        <\/div>\t\t\t\t<\/div>\n\t\t\t\t<\/div>\n\t\t\t\t<div class=\"elementor-element elementor-element-302d89a ekit-equal-height-disable elementor-widget elementor-widget-elementskit-icon-box\" data-id=\"302d89a\" data-element_type=\"widget\" data-widget_type=\"elementskit-icon-box.default\">\n\t\t\t\t<div class=\"elementor-widget-container\">\n\t\t\t\t\t<div class=\"ekit-wid-con\" >        <!-- link opening -->\n                <!-- end link opening -->\n\n        <div class=\"elementskit-infobox text-left text-left icon-lef-right-aligin elementor-animation- media\">\n                    <div class=\"elementskit-box-header elementor-animation-\">\n                <div class=\"elementskit-info-box-icon  text-center\">\n                    <i aria-hidden=\"true\" class=\"elementkit-infobox-icon fab fa-telegram-plane\"><\/i>\n                <\/div>\n          <\/div>\n                        <div class=\"box-body\">\n                            <h6 class=\"elementskit-info-box-title\">\n                    Telegram VIP Channel                <\/h6>\n                        \t\t  \t<p>Nh\u1eadn th\u00f4ng b\u00e1o c\u1eadp nh\u1eadt th\u1ecb tr\u01b0\u1eddng m\u1ecdi l\u00fac, m\u1ecdi n\u01a1i<\/p>\n                                <\/div>\n        \n        \n                <\/div>\n        <\/div>\t\t\t\t<\/div>\n\t\t\t\t<\/div>\n\t\t\t\t<div class=\"elementor-element elementor-element-909e69a ekit-equal-height-disable elementor-widget elementor-widget-elementskit-icon-box\" data-id=\"909e69a\" data-element_type=\"widget\" data-widget_type=\"elementskit-icon-box.default\">\n\t\t\t\t<div class=\"elementor-widget-container\">\n\t\t\t\t\t<div class=\"ekit-wid-con\" >        <!-- link opening -->\n                <!-- end link opening -->\n\n        <div class=\"elementskit-infobox text-left text-left icon-lef-right-aligin elementor-animation- media\">\n                    <div class=\"elementskit-box-header elementor-animation-\">\n                <div class=\"elementskit-info-box-icon  text-center\">\n                    <i aria-hidden=\"true\" class=\"elementkit-infobox-icon fas fa-bullseye\"><\/i>\n                <\/div>\n          <\/div>\n                        <div class=\"box-body\">\n                            <h6 class=\"elementskit-info-box-title\">\n                    7 ng\u00e0y d\u00f9ng th\u1eed mi\u1ec5n ph\u00ed                <\/h6>\n                        \t\t  \t<p>T\u00edch l\u0169y l\u1ee3i nhu\u1eadn trong th\u1eddi gian d\u00f9ng th\u1eed 7 ng\u00e0y, sau \u0111\u00f3 s\u1eed d\u1ee5ng l\u1ee3i nhu\u1eadn \u0111\u1ec3 \u0111\u0103ng k\u00fd v\u00e0 nh\u1eadn th\u00f4ng tin giao d\u1ecbch v\u1edbi chi ph\u00ed b\u1eb1ng 0!<\/p>\n                                <\/div>\n        \n        \n                <\/div>\n        <\/div>\t\t\t\t<\/div>\n\t\t\t\t<\/div>\n\t\t\t\t\t<\/div>\n\t\t<\/div>\n\t\t\t\t<div class=\"elementor-column elementor-col-50 elementor-inner-column elementor-element elementor-element-fafeec9\" data-id=\"fafeec9\" data-element_type=\"column\">\n\t\t\t<div class=\"elementor-widget-wrap elementor-element-populated\">\n\t\t\t\t\t\t<div class=\"elementor-element elementor-element-799624f elementor-drop-cap-yes elementor-drop-cap-view-default elementor-widget elementor-widget-text-editor\" data-id=\"799624f\" data-element_type=\"widget\" data-settings=\"{&quot;drop_cap&quot;:&quot;yes&quot;}\" data-widget_type=\"text-editor.default\">\n\t\t\t\t<div class=\"elementor-widget-container\">\n\t\t\t\t\t\t\t\t\t<p>T\u1eadp trung v\u00e0o th\u1ecb tr\u01b0\u1eddng ngo\u1ea1i t\u1ec7 v\u00e0 v\u00e0ng qu\u00fd, Pro Channel V.1.3.1 l\u00e0 b\u1ed9 c\u00f4ng c\u1ee5 ph\u00e2n t\u00edch xu h\u01b0\u1edbng gi\u00e1 bao g\u1ed3m ba b\u1ed9 ch\u01b0\u01a1ng tr\u00ecnh t\u00ednh to\u00e1n \u0111\u1ed9c l\u1eadp. N\u00f3 cung c\u1ea5p cho ng\u01b0\u1eddi \u0111\u0103ng k\u00fd ph\u00e2n t\u00edch th\u1ecb tr\u01b0\u1eddng theo th\u1eddi gian th\u1ef1c v\u00e0 gi\u00fap b\u1ea1n x\u00e2y d\u1ef1ng chi\u1ebfn l\u01b0\u1ee3c giao d\u1ecbch. B\u1ea1n kh\u00f4ng c\u1ea7n b\u1ea5t k\u1ef3 kinh nghi\u1ec7m l\u1eadp tr\u00ecnh n\u00e0o; h\u1ec7 th\u1ed1ng t\u1ef1 \u0111\u1ed9ng c\u1ee7a ch\u00fang t\u00f4i gi\u00e1m s\u00e1t th\u1ecb tr\u01b0\u1eddng cho b\u1ea1n 24 gi\u1edd m\u1ed9t ng\u00e0y.<\/p>\n<p>\u0110\u1ed9i ng\u0169 gi\u00e0u kinh nghi\u1ec7m c\u1ee7a ch\u00fang t\u00f4i lu\u00f4n theo d\u00f5i nh\u1eefng thay \u0111\u1ed5i c\u1ee7a th\u1ecb tr\u01b0\u1eddng cho b\u1ea1n v\u00e0 \u0111i\u1ec1u ch\u1ec9nh c\u00e1c t\u00edn hi\u1ec7u giao d\u1ecbch; m\u00e3 ch\u01b0\u01a1ng tr\u00ecnh c\u0169ng s\u1ebd \u0111\u01b0\u1ee3c c\u1eadp nh\u1eadt th\u01b0\u1eddng xuy\u00ean theo \u0111i\u1ec1u ki\u1ec7n th\u1ecb tr\u01b0\u1eddng \u0111\u1ec3 \u0111\u1ea3m b\u1ea3o t\u00edn hi\u1ec7u c\u00f3 th\u1ec3 duy tr\u00ec hi\u1ec7u qu\u1ea3 cao trong th\u1eddi gian d\u00e0i!<\/p>\n<p><span style=\"text-decoration: underline;\">M\u1ed7i b\u1ed9 t\u00edn hi\u1ec7u bao g\u1ed3m<\/span>: Gi\u00e1 v\u00e0o l\u1ec7nh, gi\u00e1 m\u1ee5c ti\u00eau ch\u1ed1t l\u1eddi (TP1\/TP2\/TP3), gi\u00e1 d\u1eebng l\u1ed7<\/p>\n<p>Sau khi t\u00edn hi\u1ec7u giao d\u1ecbch \u0111\u01b0\u1ee3c ph\u00e1t ra, nh\u00f3m c\u1ee7a ch\u00fang t\u00f4i s\u1ebd theo d\u00f5i ch\u1eb7t ch\u1ebd c\u00e1c \u0111i\u1ec1u ki\u1ec7n th\u1ecb tr\u01b0\u1eddng v\u00e0 tinh ch\u1ec9nh ho\u1eb7c \u0111i\u1ec1u ch\u1ec9nh theo th\u1eddi gian th\u1ef1c \u0111\u1ec3 t\u1ed1i \u01b0u h\u00f3a r\u1ee7i ro v\u00e0 l\u1ee3i nhu\u1eadn.<\/p>\t\t\t\t\t\t\t\t<\/div>\n\t\t\t\t<\/div>\n\t\t\t\t<div class=\"elementor-element elementor-element-b657d53 elementor-widget elementor-widget-text-editor\" data-id=\"b657d53\" data-element_type=\"widget\" data-widget_type=\"text-editor.default\">\n\t\t\t\t<div class=\"elementor-widget-container\">\n\t\t\t\t\t\t\t\t\t<p><strong>Tuy\u00ean b\u1ed1 r\u1ee7i ro: <\/strong>\u0110\u1ea7u t\u01b0 bao h\u00e0m r\u1ee7i ro.   B\u1ea1n c\u00f3 th\u1ec3 t\u00f9y \u00fd s\u1eed d\u1ee5ng th\u00f4ng tin, chi\u1ebfn l\u01b0\u1ee3c v\u00e0 t\u00edn hi\u1ec7u giao d\u1ecbch tr\u00ean trang web n\u00e0y cho m\u1ee5c \u0111\u00edch h\u1ecdc t\u1eadp v\u00e0 tham kh\u1ea3o. 1uptick kh\u00f4ng th\u1ec3 v\u00e0 kh\u00f4ng \u0111\u1ea3m b\u1ea3o r\u1eb1ng b\u1ea5t k\u1ef3 b\u00ecnh lu\u1eadn v\u00e0 tin nh\u1eafn mua ho\u1eb7c b\u00e1n hi\u1ec7n t\u1ea1i ho\u1eb7c t\u01b0\u01a1ng lai n\u00e0o \u0111\u01b0\u1ee3c \u0111\u0103ng tr\u00ean trang web\/\u1ee9ng d\u1ee5ng n\u00e0y s\u1ebd mang l\u1ea1i l\u1ee3i nhu\u1eadn. Hi\u1ec7u su\u1ea5t trong qu\u00e1 kh\u1ee9 kh\u00f4ng nh\u1ea5t thi\u1ebft bi\u1ec3u th\u1ecb hi\u1ec7u su\u1ea5t trong t\u01b0\u01a1ng lai. Ng\u01b0\u1eddi \u0111\u1ecdc n\u00ean t\u00ecm ki\u1ebfm l\u1eddi khuy\u00ean chuy\u00ean m\u00f4n \u0111\u1ed9c l\u1eadp tr\u01b0\u1edbc khi th\u1ef1c hi\u1ec7n giao d\u1ecbch. 1uptick s\u1ebd kh\u00f4ng thu h\u00fat b\u1ea5t k\u1ef3 ng\u01b0\u1eddi \u0111\u0103ng k\u00fd ho\u1eb7c kh\u00e1ch truy c\u1eadp n\u00e0o th\u1ef1c hi\u1ec7n b\u1ea5t k\u1ef3 giao d\u1ecbch n\u00e0o v\u00e0 b\u1ea1n ch\u1ecbu tr\u00e1ch nhi\u1ec7m v\u1ec1 t\u1ea5t c\u1ea3 c\u00e1c giao d\u1ecbch \u0111\u01b0\u1ee3c th\u1ef1c hi\u1ec7n.<strong>.<\/strong><\/p>\t\t\t\t\t\t\t\t<\/div>\n\t\t\t\t<\/div>\n\t\t\t\t\t<\/div>\n\t\t<\/div>\n\t\t\t\t\t<\/div>\n\t\t<\/section>\n\t\t\t\t<div class=\"elementor-element elementor-element-9497ed7 elementor-widget-divider--view-line elementor-widget elementor-widget-divider\" data-id=\"9497ed7\" data-element_type=\"widget\" data-widget_type=\"divider.default\">\n\t\t\t\t<div class=\"elementor-widget-container\">\n\t\t\t\t\t\t\t<div class=\"elementor-divider\">\n\t\t\t<span class=\"elementor-divider-separator\">\n\t\t\t\t\t\t<\/span>\n\t\t<\/div>\n\t\t\t\t\t\t<\/div>\n\t\t\t\t<\/div>\n\t\t\t\t<div class=\"elementor-element elementor-element-21195e2 elementor-widget elementor-widget-text-editor\" data-id=\"21195e2\" data-element_type=\"widget\" data-widget_type=\"text-editor.default\">\n\t\t\t\t<div class=\"elementor-widget-container\">\n\t\t\t\t\t\t\t\t\t<p>\n<form id=\"pms_register-form\" class=\"pms-form  pms-register-form-top-plans pms-form-design-wrapper pms-form-style-1\" method=\"POST\" action=\"\">\n\n    \n    <input type=\"hidden\" id=\"pmstkn\" name=\"pmstkn\" value=\"011c04b914\" \/><input type=\"hidden\" name=\"_wp_http_referer\" value=\"\/vi\/wp-json\/wp\/v2\/pages\/4290\" \/>\n    <ul class=\"pms-form-fields-wrapper\">\n\n        <li class=\"pms-field pms-field-subscriptions\"><h3 class=\"pms-subscriptions-list-title\">Select Your Subscription Plan<\/h3><div class=\"pms-subscription-plan pms-subscription-plan-6574\"><label><input type=\"radio\" name=\"subscription_plans\" data-price=\"98\" data-duration=\"1\" data-fixed_membership=\"\" data-allow_renew=\"\" data-sign_up_fee=\"0\" data-trial=\"1\" data-recurring=\"2\"  value=\"6574\"  checked='checked'data-default-selected=\"true\" \/><span class=\"pms-subscription-plan-name\">1uptick FX V.1.3.1 \u6708\u8cbb\u8a02\u95b1<\/span><span class=\"pms-subscription-plan-price\"><span class=\"pms-divider\"> &#8211; <\/span><span class=\"pms-subscription-plan-currency\">&#36;<\/span> <span class=\"pms-subscription-plan-price-value\">98<\/span><span class=\"pms-divider pms-duration-divider\"> \/ <\/span><span class=\"pms-subscription-plan-duration\">1 Month<\/span><\/span><span class=\"pms-subscription-plan-trial\"> with a 7 days free trial<\/span><span class=\"pms-subscription-plan-sign-up-fee\"><\/span><\/label><div class=\"pms-subscription-plan-description\">\u0110\u00f3 l\u00e0 98 \u0111\u00f4 la m\u1ed7i th\u00e1ng, t\u00ednh ra trung b\u00ecnh ch\u1ec9 l\u00e0 4,90 \u0111\u00f4 la m\u1ed7i ng\u00e0y giao d\u1ecbch. Sau 7 ng\u00e0y d\u00f9ng th\u1eed mi\u1ec5n ph\u00ed \u0111\u1ea7u ti\u00ean, qu\u00e1 tr\u00ecnh t\u00ednh ph\u00ed s\u1ebd b\u1eaft \u0111\u1ea7u.<\/div><\/div><div class=\"pms-subscription-plan pms-subscription-plan-12515\"><label><input type=\"radio\" name=\"subscription_plans\" data-price=\"89\" data-duration=\"1\" data-fixed_membership=\"\" data-allow_renew=\"\" data-sign_up_fee=\"0\" data-trial=\"1\" data-recurring=\"2\"  value=\"12515\" data-default-checked=\"false\" \/><span class=\"pms-subscription-plan-name\">1uptick Gold V.1.3.1 \u6708\u8cbb\u8a02\u95b1<\/span><span class=\"pms-subscription-plan-price\"><span class=\"pms-divider\"> &#8211; <\/span><span class=\"pms-subscription-plan-currency\">&#36;<\/span> <span class=\"pms-subscription-plan-price-value\">89<\/span><span class=\"pms-divider pms-duration-divider\"> \/ <\/span><span class=\"pms-subscription-plan-duration\">1 Month<\/span><\/span><span class=\"pms-subscription-plan-trial\"> with a 7 days free trial<\/span><span class=\"pms-subscription-plan-sign-up-fee\"><\/span><\/label><div class=\"pms-subscription-plan-description\">T\u1eadp trung v\u00e0o giao d\u1ecbch v\u00e0ng, 1 \u2013 2 chi\u1ebfn l\u01b0\u1ee3c giao d\u1ecbch h\u00e0ng ng\u00e0y. Sau 7 ng\u00e0y d\u00f9ng th\u1eed mi\u1ec5n ph\u00ed \u0111\u1ea7u ti\u00ean, qu\u00e1 tr\u00ecnh t\u00ednh ph\u00ed s\u1ebd b\u1eaft \u0111\u1ea7u.<\/div><\/div><div class=\"pms-subscription-plan pms-subscription-plan-6573\"><label><input type=\"radio\" name=\"subscription_plans\" data-price=\"149\" data-duration=\"1\" data-fixed_membership=\"\" data-allow_renew=\"\" data-sign_up_fee=\"0\" data-trial=\"1\" data-recurring=\"2\"  value=\"6573\" data-default-checked=\"false\" \/><span class=\"pms-subscription-plan-name\">1uptick FX &amp; Gold V.1.3.1 \u6708\u8cbb\u8a02\u95b1<\/span><span class=\"pms-subscription-plan-price\"><span class=\"pms-divider\"> &#8211; <\/span><span class=\"pms-subscription-plan-currency\">&#36;<\/span> <span class=\"pms-subscription-plan-price-value\">149<\/span><span class=\"pms-divider pms-duration-divider\"> \/ <\/span><span class=\"pms-subscription-plan-duration\">1 Month<\/span><\/span><span class=\"pms-subscription-plan-trial\"> with a 7 days free trial<\/span><span class=\"pms-subscription-plan-sign-up-fee\"><\/span><\/label><div class=\"pms-subscription-plan-description\">Gi\u1ea3m gi\u00e1 20% \u2013 $149 m\u1ed7i th\u00e1ng, trung b\u00ecnh h\u00e0ng ng\u00e0y l\u00e0 $7,48.<\/div><\/div><input type=\"hidden\" name=\"pms_default_recurring\" value=\"2\" \/><div id=\"pms-paygates-wrapper\"><input type=\"hidden\" class=\"pms_pay_gate\" name=\"pay_gate\" value=\"stripe_connect\" data-sign_up_fee=\"1\" data-trial=\"1\" data-recurring=\"1\"  data-type=\"extra_fields\" \/><\/div><input type=\"hidden\" id=\"pms-process-checkout-nonce\" name=\"pms_process_checkout_nonce\" value=\"b97827da76\"\/><input type=\"hidden\" id=\"stripe-pk\" value=\"pk_live_51F0OlkBQDlLThIqRYgHBbUng6hJ33I7mumZT5iaEl4WaIqi46dbUzVxjh82zKHyvBGaFKfPr2hD6LcC3HgBMDoYe00UsS1pdaH\" \/><input type=\"hidden\" name=\"pms_stripe_connect_payment_intent\" value=\"\"\/><input type=\"hidden\" name=\"pms_stripe_connect_setup_intent\" value=\"\"\/><input type=\"hidden\" id=\"pms-stripe-ajax-update-payment-intent-nonce\" name=\"stripe_ajax_update_payment_intent_nonce\" value=\"d19a3607e8\"\/><div id=\"pms-subscription-plans-discount\"><label for=\"pms-subscription-plans-discount\">Discount Code: <\/label><input id=\"pms_subscription_plans_discount_code\" name=\"discount_code\" placeholder=\"Enter discount\" type=\"text\" value=\"\" \/><input id=\"pms-apply-discount\" class=\"pms-submit button\" type=\"submit\" value=\"Apply\"><\/span><\/div><div id=\"pms-subscription-plans-discount-messages-wrapper\"><div id=\"pms-subscription-plans-discount-messages\" ><\/div><div id=\"pms-subscription-plans-discount-messages-loading\">Applying discount code. Please wait&#8230;<\/div><\/div><\/li>\n\n        \n        <ul id=\"pms-stripe-connect\" class=\"pms-field-section pms-paygate-extra-fields pms-paygate-extra-fields-stripe_connect\"><li class=\"pms-field pms-field-type-heading\"><h3>Payment Details<\/h3><\/li><div class=\"pms-spinner__holder\"><div class=\"pms-spinner\"><\/div><\/div><div id=\"pms-stripe-payment-elements\" style=\"display:none\"><\/div><\/ul><div class=\"pms-account-section-wrapper\"><h3 class=\"pms-account-details-title\">Account Details<\/h3>\n                <li class=\"pms-field pms-user-login-field\">\n            <label for=\"pms_user_login\">Username *<\/label>\n            <input id=\"pms_user_login\" name=\"user_login\" type=\"text\" value=\"\" \/>\n\n                    <\/li>\n\n                <li class=\"pms-field pms-user-email-field\">\n            <label for=\"pms_user_email\">E-mail *<\/label>\n            <input id=\"pms_user_email\" name=\"user_email\" type=\"text\" value=\"\" \/>\n\n                    <\/li>\n\n                <li class=\"pms-field pms-first-name-field\">\n            <label for=\"pms_first_name\">H\u1ecd<\/label>\n            <input id=\"pms_first_name\" name=\"first_name\" type=\"text\" value=\"\" \/>\n\n                    <\/li>\n\n                <li class=\"pms-field pms-last-name-field\">\n            <label for=\"pms_last_name\">ho\u0323<\/label>\n            <input id=\"pms_last_name\" name=\"last_name\" type=\"text\" value=\"\" \/>\n\n                    <\/li>\n\n                <li class=\"pms-field pms-pass1-field\">\n            <label for=\"pms_pass1\">Password *<\/label>\n            <input id=\"pms_pass1\" name=\"pass1\" type=\"password\" \/>\n\n            \n                    <\/li>\n\n\n\n                <li class=\"pms-field pms-pass2-field\">\n            <label for=\"pms_pass2\">Repeat Password *<\/label>\n            <input id=\"pms_pass2\" name=\"pass2\" type=\"password\" \/>\n\n                    <\/li>\n\n        <\/div>\n        \n        \n    <\/ul>\n\n    <span id=\"pms-submit-button-loading-placeholder-text\" style=\"display: none;\">Processing. Please wait&#8230;<\/span>\n    <input class=\"pms-form-submit\" name=\"pms_register\" type=\"submit\" value=\"\u0110\u0103ng k\u00fd\" \/>\n\n<input type=\"hidden\" name=\"trp-form-language\" value=\"vi\"\/><\/form>\n<\/p>\t\t\t\t\t\t\t\t<\/div>\n\t\t\t\t<\/div>\n\t\t\t\t<div class=\"elementor-element elementor-element-8b69a95 elementor-hidden-desktop elementor-hidden-tablet elementor-hidden-mobile elementor-widget elementor-widget-heading\" data-id=\"8b69a95\" data-element_type=\"widget\" data-widget_type=\"heading.default\">\n\t\t\t\t<div class=\"elementor-widget-container\">\n\t\t\t\t\t<h4 class=\"elementor-heading-title elementor-size-default\">Scheduled System Update: June 14-15 2025<\/h4>\t\t\t\t<\/div>\n\t\t\t\t<\/div>\n\t\t\t\t<div class=\"elementor-element elementor-element-4486b66 elementor-widget elementor-widget-text-editor\" data-id=\"4486b66\" data-element_type=\"widget\" data-widget_type=\"text-editor.default\">\n\t\t\t\t<div class=\"elementor-widget-container\">\n\t\t\t\t\t\t\t\t\t<p>* <strong><span style=\"color: #ff0000;\">Xin l\u01b0u \u00fd <\/span><\/strong>~ Sau 7 ng\u00e0y d\u00f9ng th\u1eed mi\u1ec5n ph\u00ed, trong th\u1eddi gian \u0111\u0103ng k\u00fd ch\u00ednh th\u1ee9c<strong>Kh\u00f4ng ho\u00e0n l\u1ea1i ti\u1ec1n<\/strong>.<\/p>\n<p>Thanh to\u00e1n qua <a href=\"https:\/\/stripe.com\/\">Stripe<\/a> T\u1ea5t c\u1ea3 th\u00f4ng tin c\u00e1 nh\u00e2n s\u1ebd \u0111\u01b0\u1ee3c b\u1ea3o v\u1ec7. Ng\u00e2n h\u00e0ng s\u1ebd ch\u1ec9 \u1ee7y quy\u1ec1n thu s\u1ed1 ti\u1ec1n li\u00ean quan \u0111\u1ebfn vi\u1ec7c mua h\u00e0ng. Ch\u00fang t\u00f4i s\u1ebd ch\u1ec9 nh\u1eadn \u0111\u01b0\u1ee3c x\u00e1c nh\u1eadn thanh to\u00e1n v\u00e0 kh\u00f4ng c\u00f3 th\u00f4ng tin v\u1ec1 ng\u01b0\u1eddi d\u00f9ng ho\u1eb7c th\u1ebb t\u00edn d\u1ee5ng \u0111\u01b0\u1ee3c s\u1eed d\u1ee5ng. Sau khi ho\u00e0n t\u1ea5t qu\u00e1 tr\u00ecnh n\u00e0y, b\u1ea1n s\u1ebd nh\u1eadn \u0111\u01b0\u1ee3c th\u00f4ng b\u00e1o qua email v\u1ec1 vi\u1ec7c thanh to\u00e1n cho Chitoto International Ltd.<\/p>\t\t\t\t\t\t\t\t<\/div>\n\t\t\t\t<\/div>\n\t\t\t\t\t<\/div>\n\t\t<\/div>\n\t\t\t\t\t<\/div>\n\t\t<\/section>\n\t\t\t\t<\/div>","protected":false},"excerpt":{"rendered":"<p>\u7121\u9808\u7a0b\u5f0f\u7de8\u5beb\u7d93\u9a57 \u8f15\u9b06\u638c\u63e1\u74b0\u7403\u5e02\u6cc1 \u6bcf\u65e5\u6700\u4f4e\u53ea\u9700 3.9\u00a0\u7f8e\u5143 \u8a02\u95b1 PRO Channel V.1.3.1  [&hellip;]<\/p>","protected":false},"author":2,"featured_media":0,"parent":0,"menu_order":0,"comment_status":"closed","ping_status":"closed","template":"","meta":{"footnotes":""},"class_list":["post-4290","page","type-page","status-publish","hentry"],"_links":{"self":[{"href":"https:\/\/members.1uptick.com\/vi\/wp-json\/wp\/v2\/pages\/4290","targetHints":{"allow":["GET"]}}],"collection":[{"href":"https:\/\/members.1uptick.com\/vi\/wp-json\/wp\/v2\/pages"}],"about":[{"href":"https:\/\/members.1uptick.com\/vi\/wp-json\/wp\/v2\/types\/page"}],"author":[{"embeddable":true,"href":"https:\/\/members.1uptick.com\/vi\/wp-json\/wp\/v2\/users\/2"}],"replies":[{"embeddable":true,"href":"https:\/\/members.1uptick.com\/vi\/wp-json\/wp\/v2\/comments?post=4290"}],"version-history":[{"count":33,"href":"https:\/\/members.1uptick.com\/vi\/wp-json\/wp\/v2\/pages\/4290\/revisions"}],"predecessor-version":[{"id":13028,"href":"https:\/\/members.1uptick.com\/vi\/wp-json\/wp\/v2\/pages\/4290\/revisions\/13028"}],"wp:attachment":[{"href":"https:\/\/members.1uptick.com\/vi\/wp-json\/wp\/v2\/media?parent=4290"}],"curies":[{"name":"wp","href":"https:\/\/api.w.org\/{rel}","templated":true}]}}