{"id":3340,"date":"2022-11-23T16:13:34","date_gmt":"2022-11-23T08:13:34","guid":{"rendered":"https:\/\/1uptick.com\/?page_id=3340"},"modified":"2024-11-08T03:29:03","modified_gmt":"2024-11-07T19:29:03","slug":"chart","status":"publish","type":"page","link":"https:\/\/members.1uptick.com\/vi\/chart\/","title":{"rendered":"Chart"},"content":{"rendered":"<div data-elementor-type=\"wp-page\" data-elementor-id=\"3340\" class=\"elementor elementor-3340\">\n\t\t\t\t\t\t<section class=\"elementor-section elementor-top-section elementor-element elementor-element-a9b3ea1 elementor-section-full_width elementor-section-stretched elementor-section-height-default elementor-section-height-default\" data-id=\"a9b3ea1\" data-element_type=\"section\" data-settings=\"{&quot;stretch_section&quot;:&quot;section-stretched&quot;,&quot;background_background&quot;:&quot;classic&quot;}\">\n\t\t\t\t\t\t<div class=\"elementor-container elementor-column-gap-default\">\n\t\t\t\t\t<div class=\"elementor-column elementor-col-100 elementor-top-column elementor-element elementor-element-73670dc\" data-id=\"73670dc\" data-element_type=\"column\">\n\t\t\t<div class=\"elementor-widget-wrap elementor-element-populated\">\n\t\t\t\t\t\t<div class=\"elementor-element elementor-element-79a16ec elementor-widget elementor-widget-wp-widget-ipw\" data-id=\"79a16ec\" data-element_type=\"widget\" data-widget_type=\"wp-widget-ipw.default\">\n\t\t\t\t<div class=\"elementor-widget-container\">\n\t\t\t\t\t<div data-post-id=\"11939\" class=\"insert-page insert-page-11939\">\t\t<div data-elementor-type=\"wp-page\" data-elementor-id=\"11939\" class=\"elementor elementor-11939\">\n\t\t\t\t<div class=\"elementor-element elementor-element-5490ce7 e-con-full e-flex e-con e-parent\" data-id=\"5490ce7\" data-element_type=\"container\" data-settings=\"{&quot;background_background&quot;:&quot;classic&quot;}\">\n\t\t<div class=\"elementor-element elementor-element-a7b0936 e-con-full e-flex e-con e-child\" data-id=\"a7b0936\" data-element_type=\"container\">\n\t\t<div class=\"elementor-element elementor-element-799b9b7 e-con-full e-flex e-con e-child\" data-id=\"799b9b7\" data-element_type=\"container\">\n\t\t\t\t<\/div>\n\t\t<div class=\"elementor-element elementor-element-75ac99c e-con-full e-flex e-con e-child\" data-id=\"75ac99c\" data-element_type=\"container\">\n\t\t<div class=\"elementor-element elementor-element-c06ce72 e-con-full e-flex e-con e-child\" data-id=\"c06ce72\" data-element_type=\"container\" data-settings=\"{&quot;background_background&quot;:&quot;gradient&quot;}\">\n\t\t<div class=\"elementor-element elementor-element-f7eaf42 e-con-full e-flex e-con e-child\" data-id=\"f7eaf42\" data-element_type=\"container\">\n\t\t\t\t<div class=\"elementor-element elementor-element-d0b195e elementor-widget elementor-widget-heading\" data-id=\"d0b195e\" data-element_type=\"widget\" data-widget_type=\"heading.default\">\n\t\t\t\t<div class=\"elementor-widget-container\">\n\t\t\t\t\t<h6 class=\"elementor-heading-title elementor-size-default\">\u0110\u0103ng k\u00fd K\u00eanh FX V.1.3.1<\/h6>\t\t\t\t<\/div>\n\t\t\t\t<\/div>\n\t\t\t\t<\/div>\n\t\t<div class=\"elementor-element elementor-element-5328fb4 e-con-full e-flex e-con e-child\" data-id=\"5328fb4\" data-element_type=\"container\">\n\t\t\t\t<div class=\"elementor-element elementor-element-c99ef2a elementor-widget elementor-widget-button\" data-id=\"c99ef2a\" data-element_type=\"widget\" data-widget_type=\"button.default\">\n\t\t\t\t<div class=\"elementor-widget-container\">\n\t\t\t\t\t\t\t\t\t<div class=\"elementor-button-wrapper\">\n\t\t\t\t\t<a class=\"elementor-button elementor-button-link elementor-size-sm\" href=\"http:\/\/members.1uptick.com\/vi\/subscription\/\">\n\t\t\t\t\t\t<span class=\"elementor-button-content-wrapper\">\n\t\t\t\t\t\t\t\t\t<span class=\"elementor-button-text\">D\u00f9ng th\u1eed mi\u1ec5n ph\u00ed 7 ng\u00e0y<\/span>\n\t\t\t\t\t<\/span>\n\t\t\t\t\t<\/a>\n\t\t\t\t<\/div>\n\t\t\t\t\t\t\t\t<\/div>\n\t\t\t\t<\/div>\n\t\t\t\t<\/div>\n\t\t\t\t<\/div>\n\t\t<div class=\"elementor-element elementor-element-e7ca21b e-con-full e-flex e-con e-child\" data-id=\"e7ca21b\" data-element_type=\"container\" data-settings=\"{&quot;background_background&quot;:&quot;classic&quot;}\">\n\t\t<div class=\"elementor-element elementor-element-669efad e-con-full e-flex e-con e-child\" data-id=\"669efad\" data-element_type=\"container\">\n\t\t\t\t<div class=\"elementor-element elementor-element-4c3ebc3 elementor-align-justify elementor-widget elementor-widget-button\" data-id=\"4c3ebc3\" data-element_type=\"widget\" data-widget_type=\"button.default\">\n\t\t\t\t<div class=\"elementor-widget-container\">\n\t\t\t\t\t\t\t\t\t<div class=\"elementor-button-wrapper\">\n\t\t\t\t\t<a class=\"elementor-button elementor-button-link elementor-size-xs\" href=\"http:\/\/members.1uptick.com\/vi\/trading-room-gold-1-3-1\/\">\n\t\t\t\t\t\t<span class=\"elementor-button-content-wrapper\">\n\t\t\t\t\t\t\t\t\t<span class=\"elementor-button-text\">Ph\u00f2ng giao d\u1ecbch v\u00e0ng<\/span>\n\t\t\t\t\t<\/span>\n\t\t\t\t\t<\/a>\n\t\t\t\t<\/div>\n\t\t\t\t\t\t\t\t<\/div>\n\t\t\t\t<\/div>\n\t\t\t\t<\/div>\n\t\t<div class=\"elementor-element elementor-element-8a6eedb e-con-full e-flex e-con e-child\" data-id=\"8a6eedb\" data-element_type=\"container\">\n\t\t\t\t<div class=\"elementor-element elementor-element-4c1f35b elementor-align-justify elementor-widget elementor-widget-button\" data-id=\"4c1f35b\" data-element_type=\"widget\" data-widget_type=\"button.default\">\n\t\t\t\t<div class=\"elementor-widget-container\">\n\t\t\t\t\t\t\t\t\t<div class=\"elementor-button-wrapper\">\n\t\t\t\t\t<a class=\"elementor-button elementor-button-link elementor-size-xs\" href=\"http:\/\/members.1uptick.com\/vi\/trading-room\/\">\n\t\t\t\t\t\t<span class=\"elementor-button-content-wrapper\">\n\t\t\t\t\t\t\t\t\t<span class=\"elementor-button-text\">Ph\u00f2ng giao d\u1ecbch FX<\/span>\n\t\t\t\t\t<\/span>\n\t\t\t\t\t<\/a>\n\t\t\t\t<\/div>\n\t\t\t\t\t\t\t\t<\/div>\n\t\t\t\t<\/div>\n\t\t\t\t<\/div>\n\t\t<div class=\"elementor-element elementor-element-092f5d3 e-con-full e-flex e-con e-child\" data-id=\"092f5d3\" data-element_type=\"container\">\n\t\t\t\t<div class=\"elementor-element elementor-element-ba96c36 elementor-widget elementor-widget-spacer\" data-id=\"ba96c36\" data-element_type=\"widget\" data-widget_type=\"spacer.default\">\n\t\t\t\t<div class=\"elementor-widget-container\">\n\t\t\t\t\t\t\t<div class=\"elementor-spacer\">\n\t\t\t<div class=\"elementor-spacer-inner\"><\/div>\n\t\t<\/div>\n\t\t\t\t\t\t<\/div>\n\t\t\t\t<\/div>\n\t\t\t\t<\/div>\n\t\t<div class=\"elementor-element elementor-element-6581b02 e-con-full e-flex e-con e-child\" data-id=\"6581b02\" data-element_type=\"container\">\n\t\t\t\t<div class=\"elementor-element elementor-element-93e56a7 elementor-widget elementor-widget-spacer\" data-id=\"93e56a7\" data-element_type=\"widget\" data-widget_type=\"spacer.default\">\n\t\t\t\t<div class=\"elementor-widget-container\">\n\t\t\t\t\t\t\t<div class=\"elementor-spacer\">\n\t\t\t<div class=\"elementor-spacer-inner\"><\/div>\n\t\t<\/div>\n\t\t\t\t\t\t<\/div>\n\t\t\t\t<\/div>\n\t\t\t\t<\/div>\n\t\t<div class=\"elementor-element elementor-element-87a2730 e-con-full e-flex e-con e-child\" data-id=\"87a2730\" data-element_type=\"container\">\n\t\t\t\t<div class=\"elementor-element elementor-element-c370c7f elementor-widget elementor-widget-spacer\" data-id=\"c370c7f\" data-element_type=\"widget\" data-widget_type=\"spacer.default\">\n\t\t\t\t<div class=\"elementor-widget-container\">\n\t\t\t\t\t\t\t<div class=\"elementor-spacer\">\n\t\t\t<div class=\"elementor-spacer-inner\"><\/div>\n\t\t<\/div>\n\t\t\t\t\t\t<\/div>\n\t\t\t\t<\/div>\n\t\t\t\t<\/div>\n\t\t<div class=\"elementor-element elementor-element-e24ce6b e-con-full e-flex e-con e-child\" data-id=\"e24ce6b\" data-element_type=\"container\">\n\t\t\t\t<div class=\"elementor-element elementor-element-bbf87e6 elementor-widget__width-initial elementor-widget elementor-widget-elementskit-popup-modal\" data-id=\"bbf87e6\" data-element_type=\"widget\" data-widget_type=\"elementskit-popup-modal.default\">\n\t\t\t\t<div class=\"elementor-widget-container\">\n\t\t\t\t\t<div class=\"ekit-wid-con\" >        <!-- Start Markup -->\n                            <div class='ekit-popup-modal__toggler-wrapper'>\n                    <!-- Button trigger modal -->\n                    <button \n                        type=\"button\" \n                        class=\"elementskit-btn ekit-popup-btn ekit-popup-btn__filled ekit-popup__toggler ekit-popup-modal-toggler whitespace--normal\" \n                        data-toggle=\"modal\" \n                        data-target=\"#ekit-popup-modal\"\n                        id=\"ekit-popup-modal-toggler\"\n                    >\n                        M\u00e1y t\u00ednh k\u00fd qu\u1ef9                    <\/button>\n                <\/div>\n            \n            <!-- Modal -->\n            <div \n                class=\"ekit-popup-modal ekit-popup-modal__inside middle center\" \n                data-toggleafter=\"0\"\n                data-toggletype=\"button\"\n                data-cookieconsent=\"\"\n            >\n                                <div\n                    class=\"ekit-popup-modal__content ekit-popup__content animated animated-normal\" \n                    style=\"\"\n                    data-animation=\"fade-in-up\"\n                >\n                                            <div class=\"ekit-popup-modal__close popup-top-right\">\n                            <i aria-hidden=\"true\" class=\"icon icon-cross\"><\/i>                        <\/div>\n                    \n                    <!-- Start Header -->\n                                            <div class=\"ekit-popup-modal__header ekit-popup__header\">\n                            <h4 class=\"ekit-popup-modal__title ekit-popup__title\">\n                                M\u00e1y t\u00ednh k\u00fd qu\u1ef9                            <\/h4>\n                                                        <p class=\"ekit-popup-modal__subtitle ekit-popup__subtitle\">\n                                T\u00ednh s\u1ed1 ti\u1ec1n k\u00fd qu\u1ef9 t\u1ed1i thi\u1ec3u c\u1ea7n thi\u1ebft cho m\u1ed7i l\u00f4                            <\/p>\n                                                    <\/div>\n                                        <!-- End Header -->\n\n                    <!-- Start Body -->\n                    <div class=\"ekit-popup-modal__body ekit-popup__body\">\n                        \t\t\t\t\t\t\t<div class=\"ekit-popup__raw-content\">\n\t\t\t\t\t\t\t\t<iframe loading=\"lazy\" src=\"https:\/\/ssltools.investing.com\/margin-calculator\/index.php?force_lang=1&amp;acc=12&amp;pair=1\" width=\"430\" height=\"425\" frameborder=\"0\" marginwidth=\"0\" marginheight=\"0\" scrolling=\"no\"><\/iframe>\n<div style=\"width: 430;\"><span style=\"float: left;\"><span style=\"font-size: 11px; color: #333333; text-decoration: none;\">The Margin Calculator is powered by Investing.com<\/span><\/span><\/div>\t\t\t\t\t\t\t<\/div>\n\t\t\t\t\t\t                    <\/div>\n                    <!-- Emd Body -->\n\n                    <!-- Start Footer -->\n                                            <div class=\"ekit-popup-modal__footer ekit-popup-footer ekit-popup-modal__footer-with-divider\">\n                            <div \n                                class='ekit-popup-modal__actions'\n                                style=\"\">\n                                                                                            <\/div>\n                        <\/div>\n                                        <!-- End Footer -->\n                <\/div>\n                                    <div class=\"ekit-popup-modal__overlay ekit-popup__close\"><\/div>\n                            <\/div>\n        <!-- End Markup -->\n    <\/div>\t\t\t\t<\/div>\n\t\t\t\t<\/div>\n\t\t\t\t<\/div>\n\t\t<div class=\"elementor-element elementor-element-730168c e-con-full e-flex e-con e-child\" data-id=\"730168c\" data-element_type=\"container\">\n\t\t\t\t<div class=\"elementor-element elementor-element-699e7bd elementor-align-justify elementor-widget elementor-widget-button\" data-id=\"699e7bd\" data-element_type=\"widget\" data-widget_type=\"button.default\">\n\t\t\t\t<div class=\"elementor-widget-container\">\n\t\t\t\t\t\t\t\t\t<div class=\"elementor-button-wrapper\">\n\t\t\t\t\t<a class=\"elementor-button elementor-button-link elementor-size-xs\" href=\"http:\/\/members.1uptick.com\/vi\/chart\/\">\n\t\t\t\t\t\t<span class=\"elementor-button-content-wrapper\">\n\t\t\t\t\t\t\t\t\t<span class=\"elementor-button-text\">Bi\u1ec3u \u0111\u1ed3 tr\u1ef1c ti\u1ebfp<\/span>\n\t\t\t\t\t<\/span>\n\t\t\t\t\t<\/a>\n\t\t\t\t<\/div>\n\t\t\t\t\t\t\t\t<\/div>\n\t\t\t\t<\/div>\n\t\t\t\t<\/div>\n\t\t<div class=\"elementor-element elementor-element-5b11ec0 e-con-full e-flex e-con e-child\" data-id=\"5b11ec0\" data-element_type=\"container\">\n\t\t\t\t<div class=\"elementor-element elementor-element-feba9ca elementor-align-justify elementor-widget elementor-widget-button\" data-id=\"feba9ca\" data-element_type=\"widget\" data-widget_type=\"button.default\">\n\t\t\t\t<div class=\"elementor-widget-container\">\n\t\t\t\t\t\t\t\t\t<div class=\"elementor-button-wrapper\">\n\t\t\t\t\t<a class=\"elementor-button elementor-button-link elementor-size-xs\" href=\"http:\/\/members.1uptick.com\/vi\/economic-calendar\/\">\n\t\t\t\t\t\t<span class=\"elementor-button-content-wrapper\">\n\t\t\t\t\t\t\t\t\t<span class=\"elementor-button-text\">L\u1ecbch<\/span>\n\t\t\t\t\t<\/span>\n\t\t\t\t\t<\/a>\n\t\t\t\t<\/div>\n\t\t\t\t\t\t\t\t<\/div>\n\t\t\t\t<\/div>\n\t\t\t\t<\/div>\n\t\t<div class=\"elementor-element elementor-element-e5367dd e-con-full e-flex e-con e-child\" data-id=\"e5367dd\" data-element_type=\"container\">\n\t\t\t\t<\/div>\n\t\t\t\t<\/div>\n\t\t\t\t<\/div>\n\t\t\t\t<\/div>\n\t\t\t\t<\/div>\n\t\t\t\t<\/div>\n\t\t<\/div>\t\t\t\t<\/div>\n\t\t\t\t<\/div>\n\t\t\t\t\t<\/div>\n\t\t<\/div>\n\t\t\t\t\t<\/div>\n\t\t<\/section>\n\t\t\t\t<section class=\"elementor-section elementor-top-section elementor-element elementor-element-904513c elementor-hidden-mobile elementor-section-content-middle elementor-section-height-full elementor-section-items-top elementor-section-full_width elementor-section-height-default\" data-id=\"904513c\" data-element_type=\"section\" data-settings=\"{&quot;background_background&quot;:&quot;classic&quot;}\">\n\t\t\t\t\t\t<div class=\"elementor-container elementor-column-gap-default\">\n\t\t\t\t\t<div class=\"elementor-column elementor-col-100 elementor-top-column elementor-element elementor-element-976340d\" data-id=\"976340d\" data-element_type=\"column\" data-settings=\"{&quot;background_background&quot;:&quot;classic&quot;}\">\n\t\t\t<div class=\"elementor-widget-wrap elementor-element-populated\">\n\t\t\t\t\t\t<div class=\"elementor-element elementor-element-17e1eff elementor-widget elementor-widget-text-editor\" data-id=\"17e1eff\" data-element_type=\"widget\" data-no-translation=\"\" data-widget_type=\"text-editor.default\">\n\t\t\t\t<div class=\"elementor-widget-container\">\n\t\t\t\t\t<style>.elementor-element-17e1eff{display:none !important}<\/style>\t\t\t\t<\/div>\n\t\t\t\t<\/div>\n\t\t\t\t<div class=\"elementor-element elementor-element-dfac547 elementor-widget elementor-widget-text-editor\" data-id=\"dfac547\" data-element_type=\"widget\" data-no-translation=\"\" data-widget_type=\"text-editor.default\">\n\t\t\t\t<div class=\"elementor-widget-container\">\n\t\t\t\t\t<style>.elementor-element-dfac547{display:none !important}<\/style>\t\t\t\t<\/div>\n\t\t\t\t<\/div>\n\t\t\t\t<div class=\"elementor-element elementor-element-b87405b elementor-widget elementor-widget-text-editor\" data-id=\"b87405b\" data-element_type=\"widget\" data-no-translation=\"\" data-widget_type=\"text-editor.default\">\n\t\t\t\t<div class=\"elementor-widget-container\">\n\t\t\t\t\t<style>.elementor-element-b87405b{display:none !important}<\/style>\t\t\t\t<\/div>\n\t\t\t\t<\/div>\n\t\t\t\t<div class=\"elementor-element elementor-element-98d5779 elementor-widget elementor-widget-text-editor\" data-id=\"98d5779\" data-element_type=\"widget\" data-no-translation=\"\" data-widget_type=\"text-editor.default\">\n\t\t\t\t<div class=\"elementor-widget-container\">\n\t\t\t\t\t<style>.elementor-element-98d5779{display:none !important}<\/style>\t\t\t\t<\/div>\n\t\t\t\t<\/div>\n\t\t\t\t<div class=\"elementor-element elementor-element-27d6851 elementor-widget elementor-widget-text-editor\" data-id=\"27d6851\" data-element_type=\"widget\" data-no-translation=\"\" data-widget_type=\"text-editor.default\">\n\t\t\t\t<div class=\"elementor-widget-container\">\n\t\t\t\t\t\t\t\t\t<!-- TradingView Widget BEGIN -->\n<div class=\"tradingview-widget-container\">\n<div id=\"tradingview_b42c1\"><\/div>\n<div class=\"tradingview-widget-copyright\"><a href=\"https:\/\/www.tradingview.com\/?aff_id=133504&amp;aff_sub=1uptick\" target=\"_blank\" rel=\"noopener\"><span style=\"color: #7de313;\">Powered by TradingView<\/span><\/a><\/div>\n<script type=\"text\/javascript\" src=\"https:\/\/s3.tradingview.com\/tv.js\"><\/script>\n<script type=\"text\/javascript\">\n  new TradingView.widget(\n  {\n \n\"width\": \"100%\",\n  \"height\": 870,\n  \"symbol\": \"TVC:GOLD\",\n  \"timezone\": \"Asia\/Taipei\",\n  \"theme\": \"light\",\n  \"style\": \"1\",\n  \"locale\": \"vi_VN\",\n  \"toolbar_bg\": \"#f1f3f6\",\n  \"enable_publishing\": false,\n  \"withdateranges\": true,\n  \"interval\": \"60\",\n\"range\":\"4D\",\n  \"hide_side_toolbar\": false,\n  \"allow_symbol_change\": true,\n  \"save_image\": false,\n  \"watchlist\": [\n    \"TVC:GOLD\",\n    \"TVC:SILVER\",\n    \"OANDA:EURUSD\",\n    \"OANDA:GBPUSD\",\n    \"OANDA:USDJPY\",\n    \"FX:USDCAD\",\n    \"OANDA:AUDUSD\",\n    \"OANDA:NZDUSD\"\n  ],\n  \"details\": true,\n  \"calendar\": true,\n  \"studies\": [\n    \"MACD@tv-basicstudies\",\n    \"MASimple@tv-basicstudies\"\n  ],\n  \"show_popup_button\": true,\n  \"popup_width\": \"1000\",\n  \"popup_height\": \"650\",\n  \"container_id\": \"tradingview_b42c1\"\n}\n  );\n  <\/script>\n\n<\/div>\n<!-- TradingView Widget END -->\t\t\t\t\t\t\t\t<\/div>\n\t\t\t\t<\/div>\n\t\t\t\t<div class=\"elementor-element elementor-element-3664ad7 elementor-widget elementor-widget-text-editor\" data-id=\"3664ad7\" data-element_type=\"widget\" data-no-translation=\"\" data-widget_type=\"text-editor.default\">\n\t\t\t\t<div class=\"elementor-widget-container\">\n\t\t\t\t\t<style>.elementor-element-3664ad7{display:none !important}<\/style>\t\t\t\t<\/div>\n\t\t\t\t<\/div>\n\t\t\t\t<div class=\"elementor-element elementor-element-18e4db9 elementor-widget elementor-widget-text-editor\" data-id=\"18e4db9\" data-element_type=\"widget\" data-no-translation=\"\" data-widget_type=\"text-editor.default\">\n\t\t\t\t<div class=\"elementor-widget-container\">\n\t\t\t\t\t<style>.elementor-element-18e4db9{display:none !important}<\/style>\t\t\t\t<\/div>\n\t\t\t\t<\/div>\n\t\t\t\t<div class=\"elementor-element elementor-element-a8f591a elementor-widget elementor-widget-text-editor\" data-id=\"a8f591a\" data-element_type=\"widget\" data-no-translation=\"\" data-widget_type=\"text-editor.default\">\n\t\t\t\t<div class=\"elementor-widget-container\">\n\t\t\t\t\t<style>.elementor-element-a8f591a{display:none !important}<\/style>\t\t\t\t<\/div>\n\t\t\t\t<\/div>\n\t\t\t\t\t<\/div>\n\t\t<\/div>\n\t\t\t\t\t<\/div>\n\t\t<\/section>\n\t\t\t\t<\/div>","protected":false},"excerpt":{"rendered":"<p>Powered by TradingView Powered by TradingView Powered b [&hellip;]<\/p>","protected":false},"author":2,"featured_media":0,"parent":0,"menu_order":0,"comment_status":"closed","ping_status":"closed","template":"","meta":{"footnotes":""},"class_list":["post-3340","page","type-page","status-publish","hentry"],"_links":{"self":[{"href":"https:\/\/members.1uptick.com\/vi\/wp-json\/wp\/v2\/pages\/3340","targetHints":{"allow":["GET"]}}],"collection":[{"href":"https:\/\/members.1uptick.com\/vi\/wp-json\/wp\/v2\/pages"}],"about":[{"href":"https:\/\/members.1uptick.com\/vi\/wp-json\/wp\/v2\/types\/page"}],"author":[{"embeddable":true,"href":"https:\/\/members.1uptick.com\/vi\/wp-json\/wp\/v2\/users\/2"}],"replies":[{"embeddable":true,"href":"https:\/\/members.1uptick.com\/vi\/wp-json\/wp\/v2\/comments?post=3340"}],"version-history":[{"count":7,"href":"https:\/\/members.1uptick.com\/vi\/wp-json\/wp\/v2\/pages\/3340\/revisions"}],"predecessor-version":[{"id":12127,"href":"https:\/\/members.1uptick.com\/vi\/wp-json\/wp\/v2\/pages\/3340\/revisions\/12127"}],"wp:attachment":[{"href":"https:\/\/members.1uptick.com\/vi\/wp-json\/wp\/v2\/media?parent=3340"}],"curies":[{"name":"wp","href":"https:\/\/api.w.org\/{rel}","templated":true}]}}